{"id":607,"date":"2026-02-19T11:15:37","date_gmt":"2026-02-19T10:15:37","guid":{"rendered":"https:\/\/pgorehovec.vdevs.eu\/?page_id=607"},"modified":"2026-03-13T12:34:05","modified_gmt":"2026-03-13T11:34:05","slug":"kontakt","status":"publish","type":"page","link":"https:\/\/pgorehovec.vdevs.eu\/hr\/kontakt\/","title":{"rendered":"Kontakt"},"content":{"rendered":"<p>Za provjeru dostupnosti na\u0161e ponude u tijelo poruke unesite samo po\u0161tanski broj va\u0161eg mjesta. Unaprijed se zahvaljujemo!<\/p>\n<p>Kontaktni podaci prikupljeni ovim obrascem ne\u0107e biti javno objavljeni niti \u0107e se koristiti za bilo \u0161to drugo, osim za slanje odgovora na Va\u0161 upit!<br \/>\nNa\u0161a pravila privatnosti pregledajte <a href=\"\/hr\/pravila-o-privatnosti\/\" target=\"_blank\" rel=\"noopener\">ovdje<\/a><\/p>\n","protected":false},"excerpt":{"rendered":"<p>Za provjeru dostupnosti na\u0161e ponude u tijelo poruke unesite samo po\u0161tanski broj va\u0161eg mjesta. Unaprijed se zahvaljujemo! Kontaktni podaci prikupljeni ovim obrascem ne\u0107e biti javno objavljeni niti \u0107e se koristiti za bilo \u0161to drugo, osim za slanje odgovora na Va\u0161 upit! Na\u0161a pravila privatnosti pregledajte ovdje<\/p>\n","protected":false},"author":1,"featured_media":499,"parent":0,"menu_order":0,"comment_status":"closed","ping_status":"closed","template":"template-kontakt.php","meta":{"_acf_changed":false,"footnotes":""},"class_list":["post-607","page","type-page","status-publish","has-post-thumbnail","hentry"],"acf":[],"_links":{"self":[{"href":"https:\/\/pgorehovec.vdevs.eu\/hr\/wp-json\/wp\/v2\/pages\/607","targetHints":{"allow":["GET"]}}],"collection":[{"href":"https:\/\/pgorehovec.vdevs.eu\/hr\/wp-json\/wp\/v2\/pages"}],"about":[{"href":"https:\/\/pgorehovec.vdevs.eu\/hr\/wp-json\/wp\/v2\/types\/page"}],"author":[{"embeddable":true,"href":"https:\/\/pgorehovec.vdevs.eu\/hr\/wp-json\/wp\/v2\/users\/1"}],"replies":[{"embeddable":true,"href":"https:\/\/pgorehovec.vdevs.eu\/hr\/wp-json\/wp\/v2\/comments?post=607"}],"version-history":[{"count":6,"href":"https:\/\/pgorehovec.vdevs.eu\/hr\/wp-json\/wp\/v2\/pages\/607\/revisions"}],"predecessor-version":[{"id":669,"href":"https:\/\/pgorehovec.vdevs.eu\/hr\/wp-json\/wp\/v2\/pages\/607\/revisions\/669"}],"wp:featuredmedia":[{"embeddable":true,"href":"https:\/\/pgorehovec.vdevs.eu\/hr\/wp-json\/wp\/v2\/media\/499"}],"wp:attachment":[{"href":"https:\/\/pgorehovec.vdevs.eu\/hr\/wp-json\/wp\/v2\/media?parent=607"}],"curies":[{"name":"wp","href":"https:\/\/api.w.org\/{rel}","templated":true}]}}